{"id":18,"date":"2020-01-30T00:37:22","date_gmt":"2020-01-29T23:37:22","guid":{"rendered":"http:\/\/faera.eu\/?page_id=18"},"modified":"2020-10-30T22:43:41","modified_gmt":"2020-10-30T21:43:41","slug":"das-neue-auge","status":"publish","type":"page","link":"http:\/\/faera.eu\/?page_id=18","title":{"rendered":"Das Neue Auge"},"content":{"rendered":"\n<p>Urspr\u00fcnglich entstand <strong>F\u00e6ra<\/strong> aus einer Sammlung von Regelerweiterungen f\u00fcr <a href=\"https:\/\/ulisses-spiele.de\/spielsysteme\/das-schwarze-auge\/\"><em>Das Schwarze Auge 4.1 von Ulisses Spiele<\/em><\/a>, bevor es grundlegend \u00fcberarbeitet wurde. Die deutsche Version ist auch weiterhin als alternatives Regelwerk f\u00fcr <em>Das Schwarze Auge<\/em> angelegt, was sich auch in der Zusammenstellung vieler Ausarbeitungen wie Sprachen, Kulturen oder Regionen niederschl\u00e4gt. In diesem Sinne wird<strong> F\u00e6ra: Das Neue Auge<\/strong> in Absprache mit <em>Ulisses Spiele<\/em> als Fanware ver\u00f6ffentlicht und gekennzeichnet.<\/p>\n\n\n\n<div class=\"wp-block-group\"><div class=\"wp-block-group__inner-container\">\n<div class=\"wp-block-group\"><div class=\"wp-block-group__inner-container\">\n<h3>Regelwerke f\u00fcr das Spiel in Aventurien<\/h3>\n\n\n<a  data-e-Disable-Page-Transition=\"true\" class=\"download-link\" title=\"Version 1\" href=\"http:\/\/faera.eu?download=25&amp;tmstv=1775748553\" rel=\"nofollow\" id=\"download-link-25\" data-redirect=\"false\" >\n\tF\u00e6ra &#8211; Die Essenz des Spiels\t(650 Downloads\t)\n<\/a>\n\n\n\n<p><\/p>\n\n\n<a  data-e-Disable-Page-Transition=\"true\" class=\"download-link\" title=\"Version 1\" href=\"http:\/\/faera.eu?download=39&amp;tmstv=1775748553\" rel=\"nofollow\" id=\"download-link-39\" data-redirect=\"false\" >\n\tF\u00e6ra &#8211; Das Handbuch der Bev\u00f6lkerung Aventuriens\t(750 Downloads\t)\n<\/a>\n\n\n\n<p><\/p>\n<\/div><\/div>\n<\/div><\/div>\n","protected":false},"excerpt":{"rendered":"<p>Urspr\u00fcnglich entstand F\u00e6ra aus einer Sammlung von Regelerweiterungen f\u00fcr Das Schwarze Auge 4.1 von Ulisses Spiele, bevor es grundlegend \u00fcberarbeitet&hellip;<\/p>\n","protected":false},"author":1,"featured_media":0,"parent":0,"menu_order":0,"comment_status":"closed","ping_status":"closed","template":"","meta":[],"_links":{"self":[{"href":"http:\/\/faera.eu\/index.php?rest_route=\/wp\/v2\/pages\/18"}],"collection":[{"href":"http:\/\/faera.eu\/index.php?rest_route=\/wp\/v2\/pages"}],"about":[{"href":"http:\/\/faera.eu\/index.php?rest_route=\/wp\/v2\/types\/page"}],"author":[{"embeddable":true,"href":"http:\/\/faera.eu\/index.php?rest_route=\/wp\/v2\/users\/1"}],"replies":[{"embeddable":true,"href":"http:\/\/faera.eu\/index.php?rest_route=%2Fwp%2Fv2%2Fcomments&post=18"}],"version-history":[{"count":5,"href":"http:\/\/faera.eu\/index.php?rest_route=\/wp\/v2\/pages\/18\/revisions"}],"predecessor-version":[{"id":49,"href":"http:\/\/faera.eu\/index.php?rest_route=\/wp\/v2\/pages\/18\/revisions\/49"}],"wp:attachment":[{"href":"http:\/\/faera.eu\/index.php?rest_route=%2Fwp%2Fv2%2Fmedia&parent=18"}],"curies":[{"name":"wp","href":"https:\/\/api.w.org\/{rel}","templated":true}]}}